{"id":82206,"date":"2021-10-16T14:24:04","date_gmt":"2021-10-16T13:24:08","guid":{"rendered":"https:\/\/speedfun.bike\/?post_type=product&#038;p=82206"},"modified":"2023-03-04T10:18:22","modified_gmt":"2023-03-04T09:18:22","slug":"speedfun-furious-evo-pour-bafang-m500-fantic-issimo","status":"publish","type":"product","link":"https:\/\/www.speedfun.bike\/fr\/produit\/speedfun-furious-evo-pour-bafang-m500-fantic-issimo\/","title":{"rendered":"SpeedFun Furious Evo pour Bafang M500"},"content":{"rendered":"<div class=\"wpb-content-wrapper\"><p>[vc_row][vc_column width=&#8221;1\/1&#8243;][vc_column_text]<\/p>\n<h2>Qu&#8217;est-ce que le r\u00e9glage du v\u00e9lo \u00e9lectrique SpeedFun Furious Evo pour Bafang M500?<\/h2>\n<p><strong>La fonction du dispositif tuning Furious Evo pour Bafang M500\u00a0<\/strong>est de manipuler \u00e9lectroniquement la vitesse de rotation de la roue arri\u00e8re et de communiquer au moteur une vitesse toujours inf\u00e9rieure \u00e0 25 KmH afin d&#8217;obtenir une vitesse r\u00e9elle avec un moteur actif tr\u00e8s \u00e9lev\u00e9. La limite de vitesse maximale sera donc dict\u00e9e par la puissance du moteur ajout\u00e9e \u00e0 la puissance exprim\u00e9e par les jambes (<a href=\"https:\/\/speedfun.bike\/wp-content\/uploads\/2019\/06\/ebike-non-va-a-50-kmh.pdf\">info<\/a>).<\/p>\n<p>Lorsque le dispositif de r\u00e9glage est actif, n&#8217;ayant aucune communication avec l&#8217;\u00e9cran, il affichera les donn\u00e9es r\u00e9duites de moiti\u00e9 sur l&#8217;\u00e9cran \u00e0 partir d&#8217;un certain seuil.<\/p>\n<p>SpeedFun Furious Evo peut \u00eatre activ\u00e9 et d\u00e9sactiv\u00e9 \u00e0 volont\u00e9 et maintient le r\u00e9glage m\u00eame apr\u00e8s que le v\u00e9lo \u00e9lectrique est \u00e9teint. Il peut \u00eatre install\u00e9 sur ebike avec moteur Bafang M500 principalement install\u00e9 sur ebike\u00a0Fantic Issimo, Alpek et Leader Fox quel que soit le type d&#8217;affichage ou de contr\u00f4le lat\u00e9ral du v\u00e9lo \u00e9lectrique.<\/p>\n<p>Le dispositif de r\u00e9glage Furiosu Evo pour Bafang M500 peut \u00eatre activ\u00e9\/d\u00e9sactiv\u00e9 en appuyant simplement sur le bouton d&#8217;\u00e9clairage du v\u00e9lo \u00e9lectrique. Si le v\u00e9lo \u00e9lectrique a d\u00e9j\u00e0 les feux connect\u00e9s \u00e0 la sortie lumi\u00e8re, ou s&#8217;il n&#8217;est pas possible de l&#8217;utiliser, il sera toujours possible d&#8217;activer\/d\u00e9sactiver le r\u00e9glage avec un syst\u00e8me tr\u00e8s pratique (pour plus d&#8217;informations voir les instructions ici). L&#8217;appareil est fourni plug and go pr\u00eat \u00e0 l&#8217;emploi et s&#8217;installe de mani\u00e8re tr\u00e8s simple gr\u00e2ce aux connecteurs d&#8217;origine avec lesquels aucune modification physique du v\u00e9lo \u00e9lectrique n&#8217;est n\u00e9cessaire.<\/p>\n<p>&nbsp;<\/p>\n<h2>V\u00e9lo \u00e9lectrique avec moteur\u00a0<strong>Bafang M500\u00a0<\/strong>o\u00f9 l&#8217;appareil Furious Evo a \u00e9t\u00e9 install\u00e9 avec succ\u00e8s<\/h2>\n<p>(cette liste est illustrative et non exhaustive)[\/vc_column_text][vc_row_inner][vc_column_inner width=&#8221;1\/3&#8243;][vc_column_text uncode_shortcode_id=&#8221;176202&#8243;]<\/p>\n<p>&#8211; AEROTEC HE-1 CARBON HYBRID 29\/27.5+ M500 TYPE 3<br \/>\n&#8211; AEROTEC HE-2 CARBON HYBRID 29&#8243; M500 TYPE 3<br \/>\n&#8211; AEROTEC HE-2 CARBON HYBRID 29&#8243; M500 TYPE 2 KILOWATT 1.2<br \/>\n&#8211; AEROTEC HE-2 CARBON HYBRID 29&#8243; M500 TYPE 2<\/p>\n<p>[\/vc_column_text][\/vc_column_inner][vc_column_inner width=&#8221;1\/3&#8243;][vc_column_text uncode_shortcode_id=&#8221;114002&#8243;]<\/p>\n<p>&#8211; AEROTEC HE-1 CARBON HYBRID 29\/27.5+ M500 TYPE 2<br \/>\n&#8211; AEROTEC HE-1 CARBON HYBRID 29\/27.5+ M500 TYPE 1<br \/>\n&#8211; AEROTEC HE-2 CARBON HYBRID 29&#8243; M500 TYPE 1<br \/>\n&#8211; AEROTEC HE-2 CARBON HYBRID 29&#8243; M500 TYPE 1 KILOWATT 1.2<\/p>\n<p>[\/vc_column_text][\/vc_column_inner][vc_column_inner width=&#8221;1\/3&#8243;][vc_column_text]<\/p>\n<p>&#8211; Fantic Issimo<br \/>\n&#8211; Alpek Evoke PRO<br \/>\n&#8211; Leader Fox BRAGA<br \/>\n&#8211; Leader Fox Altar<\/p>\n<p>[\/vc_column_text][\/vc_column_inner][\/vc_row_inner][\/vc_column][\/vc_row]<\/p>\n<\/div>","protected":false},"excerpt":{"rendered":"<div class=\"price-container\"><\/div>\n<div class=\"woocommerce-product-details__short-description\">\n<p>SpeedFun Furious Evo est un r\u00e9glage de v\u00e9lo \u00e9lectrique qui vous permet de supprimer le bloc de vitesse de 25 kmH en exploitant pleinement le potentiel du moteur Bafang M500.<\/p>\n<p>Il est con\u00e7u pour les moteurs Bafang M500 principalement install\u00e9s sur les v\u00e9los \u00e9lectriques Fantic Issimo, Alpek et Leader Fox.<\/p>\n<div class=\"woocommerce-product-details__short-description\">\n<p>Tous les dispositifs de tuning SpeedFun Furious Evo peuvent \u00eatre activ\u00e9s et d\u00e9sactiv\u00e9s \u00e0 tout moment et sans avoir besoin de connexions \u00e0 la sortie lumineuse.<\/p>\n<\/div>\n<\/div>\n","protected":false},"featured_media":83604,"comment_status":"closed","ping_status":"closed","template":"","meta":{"_acf_changed":false},"product_brand":[],"product_cat":[42,273],"product_tag":[],"class_list":{"0":"post-82206","1":"product","2":"type-product","3":"status-publish","4":"has-post-thumbnail","6":"product_cat-for-bafang-fr","7":"product_cat-furious-fr","8":"product_shipping_class-armadi-fr","10":"first","11":"instock","12":"taxable","13":"shipping-taxable","14":"purchasable","15":"product-type-simple"},"acf":[],"yoast_head":"<!-- This site is optimized with the Yoast SEO plugin v27.3 - https:\/\/yoast.com\/product\/yoast-seo-wordpress\/ -->\n<title>SpeedFun Furious Evo tuning pour ebike avec Bafang M500<\/title>\n<meta name=\"description\" content=\"SpeedFun Furious Evo est un r\u00e9glage sp\u00e9cialement con\u00e7u pour augmenter l&#039;assistance \u00e0 plus de 25 km \/ h sur un v\u00e9lo \u00e9lectrique avec moteur Bafang M500. Ce d\u00e9clencheur de vitesse, compatible avec les v\u00e9los \u00e9lectriques Fantic Issimo, Alpek, Leader Fox et bien d&#039;autres, peut \u00eatre activ\u00e9\/d\u00e9sactiv\u00e9 \u00e0 volont\u00e9 et est \u00e9quip\u00e9 de connecteurs d&#039;origine.\" \/>\n<meta name=\"robots\" content=\"index, follow, max-snippet:-1, max-image-preview:large, max-video-preview:-1\" \/>\n<link rel=\"canonical\" href=\"https:\/\/speedfun.bike\/fr\/produit\/speedfun-furious-evo-pour-bafang-m500-fantic-issimo\/\" \/>\n<meta property=\"og:locale\" content=\"fr_FR\" \/>\n<meta property=\"og:type\" content=\"article\" \/>\n<meta property=\"og:title\" content=\"SpeedFun Furious Evo tuning pour ebike avec Bafang M500\" \/>\n<meta property=\"og:description\" content=\"SpeedFun Furious Evo est un r\u00e9glage sp\u00e9cialement con\u00e7u pour augmenter l&#039;assistance \u00e0 plus de 25 km \/ h sur un v\u00e9lo \u00e9lectrique avec moteur Bafang M500. Ce d\u00e9clencheur de vitesse, compatible avec les v\u00e9los \u00e9lectriques Fantic Issimo, Alpek, Leader Fox et bien d&#039;autres, peut \u00eatre activ\u00e9\/d\u00e9sactiv\u00e9 \u00e0 volont\u00e9 et est \u00e9quip\u00e9 de connecteurs d&#039;origine.\" \/>\n<meta property=\"og:url\" content=\"https:\/\/speedfun.bike\/fr\/produit\/speedfun-furious-evo-pour-bafang-m500-fantic-issimo\/\" \/>\n<meta property=\"og:site_name\" content=\"Speed Fun\" \/>\n<meta property=\"article:modified_time\" content=\"2023-03-04T09:18:22+00:00\" \/>\n<meta property=\"og:image\" content=\"https:\/\/speedfun.bike\/wp-content\/uploads\/2021\/12\/SpeedFun-Furious-Evo-per-M500_product-scaled.jpg\" \/>\n\t<meta property=\"og:image:width\" content=\"2560\" \/>\n\t<meta property=\"og:image:height\" content=\"2049\" \/>\n\t<meta property=\"og:image:type\" content=\"image\/jpeg\" \/>\n<meta name=\"twitter:card\" content=\"summary_large_image\" \/>\n<meta name=\"twitter:label1\" content=\"Est. reading time\" \/>\n\t<meta name=\"twitter:data1\" content=\"2 minutes\" \/>\n<script type=\"application\/ld+json\" class=\"yoast-schema-graph\">{\"@context\":\"https:\\\/\\\/schema.org\",\"@graph\":[{\"@type\":\"WebPage\",\"@id\":\"https:\\\/\\\/speedfun.bike\\\/fr\\\/produit\\\/speedfun-furious-evo-pour-bafang-m500-fantic-issimo\\\/\",\"url\":\"https:\\\/\\\/speedfun.bike\\\/fr\\\/produit\\\/speedfun-furious-evo-pour-bafang-m500-fantic-issimo\\\/\",\"name\":\"SpeedFun Furious Evo tuning pour ebike avec Bafang M500\",\"isPartOf\":{\"@id\":\"https:\\\/\\\/speedfun.bike\\\/#website\"},\"primaryImageOfPage\":{\"@id\":\"https:\\\/\\\/speedfun.bike\\\/fr\\\/produit\\\/speedfun-furious-evo-pour-bafang-m500-fantic-issimo\\\/#primaryimage\"},\"image\":{\"@id\":\"https:\\\/\\\/speedfun.bike\\\/fr\\\/produit\\\/speedfun-furious-evo-pour-bafang-m500-fantic-issimo\\\/#primaryimage\"},\"thumbnailUrl\":\"https:\\\/\\\/www.speedfun.bike\\\/wp-content\\\/uploads\\\/2021\\\/12\\\/SpeedFun-Furious-Evo-per-M500_product-scaled.jpg\",\"datePublished\":\"2021-10-16T13:24:08+00:00\",\"dateModified\":\"2023-03-04T09:18:22+00:00\",\"description\":\"SpeedFun Furious Evo est un r\u00e9glage sp\u00e9cialement con\u00e7u pour augmenter l'assistance \u00e0 plus de 25 km \\\/ h sur un v\u00e9lo \u00e9lectrique avec moteur Bafang M500. Ce d\u00e9clencheur de vitesse, compatible avec les v\u00e9los \u00e9lectriques Fantic Issimo, Alpek, Leader Fox et bien d'autres, peut \u00eatre activ\u00e9\\\/d\u00e9sactiv\u00e9 \u00e0 volont\u00e9 et est \u00e9quip\u00e9 de connecteurs d'origine.\",\"breadcrumb\":{\"@id\":\"https:\\\/\\\/speedfun.bike\\\/fr\\\/produit\\\/speedfun-furious-evo-pour-bafang-m500-fantic-issimo\\\/#breadcrumb\"},\"inLanguage\":\"fr-FR\",\"potentialAction\":[{\"@type\":\"ReadAction\",\"target\":[\"https:\\\/\\\/speedfun.bike\\\/fr\\\/produit\\\/speedfun-furious-evo-pour-bafang-m500-fantic-issimo\\\/\"]}]},{\"@type\":\"ImageObject\",\"inLanguage\":\"fr-FR\",\"@id\":\"https:\\\/\\\/speedfun.bike\\\/fr\\\/produit\\\/speedfun-furious-evo-pour-bafang-m500-fantic-issimo\\\/#primaryimage\",\"url\":\"https:\\\/\\\/www.speedfun.bike\\\/wp-content\\\/uploads\\\/2021\\\/12\\\/SpeedFun-Furious-Evo-per-M500_product-scaled.jpg\",\"contentUrl\":\"https:\\\/\\\/www.speedfun.bike\\\/wp-content\\\/uploads\\\/2021\\\/12\\\/SpeedFun-Furious-Evo-per-M500_product-scaled.jpg\",\"width\":2560,\"height\":2049,\"caption\":\"SpeedFun Furious Evo est un r\u00e9glage de v\u00e9lo \u00e9lectrique qui vous permet de supprimer le bloc de vitesse de 25 kmH en exploitant pleinement le potentiel du moteur Bafang M500. Sp\u00e9cialement con\u00e7u pour les moteurs Bafang M500 principalement mont\u00e9s sur les v\u00e9los \u00e9lectriques Fantic Issimo, Alpek et Leader Fox.\"},{\"@type\":\"BreadcrumbList\",\"@id\":\"https:\\\/\\\/speedfun.bike\\\/fr\\\/produit\\\/speedfun-furious-evo-pour-bafang-m500-fantic-issimo\\\/#breadcrumb\",\"itemListElement\":[{\"@type\":\"ListItem\",\"position\":1,\"name\":\"Home\",\"item\":\"https:\\\/\\\/speedfun.bike\\\/fr\\\/\"},{\"@type\":\"ListItem\",\"position\":2,\"name\":\"Boutique\",\"item\":\"https:\\\/\\\/speedfun.bike\\\/fr\\\/boutique\\\/\"},{\"@type\":\"ListItem\",\"position\":3,\"name\":\"SpeedFun Furious Evo pour Bafang M500\"}]},{\"@type\":\"WebSite\",\"@id\":\"https:\\\/\\\/speedfun.bike\\\/#website\",\"url\":\"https:\\\/\\\/speedfun.bike\\\/\",\"name\":\"Speed Fun\",\"description\":\"Sblocco velocit\u00e0 bici elettriche\",\"potentialAction\":[{\"@type\":\"SearchAction\",\"target\":{\"@type\":\"EntryPoint\",\"urlTemplate\":\"https:\\\/\\\/speedfun.bike\\\/?s={search_term_string}\"},\"query-input\":{\"@type\":\"PropertyValueSpecification\",\"valueRequired\":true,\"valueName\":\"search_term_string\"}}],\"inLanguage\":\"fr-FR\"}]}<\/script>\n<!-- \/ Yoast SEO plugin. -->","yoast_head_json":{"title":"SpeedFun Furious Evo tuning pour ebike avec Bafang M500","description":"SpeedFun Furious Evo est un r\u00e9glage sp\u00e9cialement con\u00e7u pour augmenter l'assistance \u00e0 plus de 25 km \/ h sur un v\u00e9lo \u00e9lectrique avec moteur Bafang M500. Ce d\u00e9clencheur de vitesse, compatible avec les v\u00e9los \u00e9lectriques Fantic Issimo, Alpek, Leader Fox et bien d'autres, peut \u00eatre activ\u00e9\/d\u00e9sactiv\u00e9 \u00e0 volont\u00e9 et est \u00e9quip\u00e9 de connecteurs d'origine.","robots":{"index":"index","follow":"follow","max-snippet":"max-snippet:-1","max-image-preview":"max-image-preview:large","max-video-preview":"max-video-preview:-1"},"canonical":"https:\/\/speedfun.bike\/fr\/produit\/speedfun-furious-evo-pour-bafang-m500-fantic-issimo\/","og_locale":"fr_FR","og_type":"article","og_title":"SpeedFun Furious Evo tuning pour ebike avec Bafang M500","og_description":"SpeedFun Furious Evo est un r\u00e9glage sp\u00e9cialement con\u00e7u pour augmenter l'assistance \u00e0 plus de 25 km \/ h sur un v\u00e9lo \u00e9lectrique avec moteur Bafang M500. Ce d\u00e9clencheur de vitesse, compatible avec les v\u00e9los \u00e9lectriques Fantic Issimo, Alpek, Leader Fox et bien d'autres, peut \u00eatre activ\u00e9\/d\u00e9sactiv\u00e9 \u00e0 volont\u00e9 et est \u00e9quip\u00e9 de connecteurs d'origine.","og_url":"https:\/\/speedfun.bike\/fr\/produit\/speedfun-furious-evo-pour-bafang-m500-fantic-issimo\/","og_site_name":"Speed Fun","article_modified_time":"2023-03-04T09:18:22+00:00","og_image":[{"width":2560,"height":2049,"url":"https:\/\/speedfun.bike\/wp-content\/uploads\/2021\/12\/SpeedFun-Furious-Evo-per-M500_product-scaled.jpg","type":"image\/jpeg"}],"twitter_card":"summary_large_image","twitter_misc":{"Est. reading time":"2 minutes"},"schema":{"@context":"https:\/\/schema.org","@graph":[{"@type":"WebPage","@id":"https:\/\/speedfun.bike\/fr\/produit\/speedfun-furious-evo-pour-bafang-m500-fantic-issimo\/","url":"https:\/\/speedfun.bike\/fr\/produit\/speedfun-furious-evo-pour-bafang-m500-fantic-issimo\/","name":"SpeedFun Furious Evo tuning pour ebike avec Bafang M500","isPartOf":{"@id":"https:\/\/speedfun.bike\/#website"},"primaryImageOfPage":{"@id":"https:\/\/speedfun.bike\/fr\/produit\/speedfun-furious-evo-pour-bafang-m500-fantic-issimo\/#primaryimage"},"image":{"@id":"https:\/\/speedfun.bike\/fr\/produit\/speedfun-furious-evo-pour-bafang-m500-fantic-issimo\/#primaryimage"},"thumbnailUrl":"https:\/\/www.speedfun.bike\/wp-content\/uploads\/2021\/12\/SpeedFun-Furious-Evo-per-M500_product-scaled.jpg","datePublished":"2021-10-16T13:24:08+00:00","dateModified":"2023-03-04T09:18:22+00:00","description":"SpeedFun Furious Evo est un r\u00e9glage sp\u00e9cialement con\u00e7u pour augmenter l'assistance \u00e0 plus de 25 km \/ h sur un v\u00e9lo \u00e9lectrique avec moteur Bafang M500. Ce d\u00e9clencheur de vitesse, compatible avec les v\u00e9los \u00e9lectriques Fantic Issimo, Alpek, Leader Fox et bien d'autres, peut \u00eatre activ\u00e9\/d\u00e9sactiv\u00e9 \u00e0 volont\u00e9 et est \u00e9quip\u00e9 de connecteurs d'origine.","breadcrumb":{"@id":"https:\/\/speedfun.bike\/fr\/produit\/speedfun-furious-evo-pour-bafang-m500-fantic-issimo\/#breadcrumb"},"inLanguage":"fr-FR","potentialAction":[{"@type":"ReadAction","target":["https:\/\/speedfun.bike\/fr\/produit\/speedfun-furious-evo-pour-bafang-m500-fantic-issimo\/"]}]},{"@type":"ImageObject","inLanguage":"fr-FR","@id":"https:\/\/speedfun.bike\/fr\/produit\/speedfun-furious-evo-pour-bafang-m500-fantic-issimo\/#primaryimage","url":"https:\/\/www.speedfun.bike\/wp-content\/uploads\/2021\/12\/SpeedFun-Furious-Evo-per-M500_product-scaled.jpg","contentUrl":"https:\/\/www.speedfun.bike\/wp-content\/uploads\/2021\/12\/SpeedFun-Furious-Evo-per-M500_product-scaled.jpg","width":2560,"height":2049,"caption":"SpeedFun Furious Evo est un r\u00e9glage de v\u00e9lo \u00e9lectrique qui vous permet de supprimer le bloc de vitesse de 25 kmH en exploitant pleinement le potentiel du moteur Bafang M500. Sp\u00e9cialement con\u00e7u pour les moteurs Bafang M500 principalement mont\u00e9s sur les v\u00e9los \u00e9lectriques Fantic Issimo, Alpek et Leader Fox."},{"@type":"BreadcrumbList","@id":"https:\/\/speedfun.bike\/fr\/produit\/speedfun-furious-evo-pour-bafang-m500-fantic-issimo\/#breadcrumb","itemListElement":[{"@type":"ListItem","position":1,"name":"Home","item":"https:\/\/speedfun.bike\/fr\/"},{"@type":"ListItem","position":2,"name":"Boutique","item":"https:\/\/speedfun.bike\/fr\/boutique\/"},{"@type":"ListItem","position":3,"name":"SpeedFun Furious Evo pour Bafang M500"}]},{"@type":"WebSite","@id":"https:\/\/speedfun.bike\/#website","url":"https:\/\/speedfun.bike\/","name":"Speed Fun","description":"Sblocco velocit\u00e0 bici elettriche","potentialAction":[{"@type":"SearchAction","target":{"@type":"EntryPoint","urlTemplate":"https:\/\/speedfun.bike\/?s={search_term_string}"},"query-input":{"@type":"PropertyValueSpecification","valueRequired":true,"valueName":"search_term_string"}}],"inLanguage":"fr-FR"}]}},"_links":{"self":[{"href":"https:\/\/www.speedfun.bike\/fr\/wp-json\/wp\/v2\/product\/82206","targetHints":{"allow":["GET"]}}],"collection":[{"href":"https:\/\/www.speedfun.bike\/fr\/wp-json\/wp\/v2\/product"}],"about":[{"href":"https:\/\/www.speedfun.bike\/fr\/wp-json\/wp\/v2\/types\/product"}],"replies":[{"embeddable":true,"href":"https:\/\/www.speedfun.bike\/fr\/wp-json\/wp\/v2\/comments?post=82206"}],"wp:featuredmedia":[{"embeddable":true,"href":"https:\/\/www.speedfun.bike\/fr\/wp-json\/wp\/v2\/media\/83604"}],"wp:attachment":[{"href":"https:\/\/www.speedfun.bike\/fr\/wp-json\/wp\/v2\/media?parent=82206"}],"wp:term":[{"taxonomy":"product_brand","embeddable":true,"href":"https:\/\/www.speedfun.bike\/fr\/wp-json\/wp\/v2\/product_brand?post=82206"},{"taxonomy":"product_cat","embeddable":true,"href":"https:\/\/www.speedfun.bike\/fr\/wp-json\/wp\/v2\/product_cat?post=82206"},{"taxonomy":"product_tag","embeddable":true,"href":"https:\/\/www.speedfun.bike\/fr\/wp-json\/wp\/v2\/product_tag?post=82206"}],"curies":[{"name":"wp","href":"https:\/\/api.w.org\/{rel}","templated":true}]}}