{"id":124646,"date":"2024-06-14T13:57:43","date_gmt":"2024-06-14T12:57:44","guid":{"rendered":"https:\/\/speedfun.bike\/?post_type=product&#038;p=124646"},"modified":"2024-07-19T13:49:26","modified_gmt":"2024-07-19T12:49:26","slug":"speedfun-ribelle-pour-yamaha-booster-easy","status":"publish","type":"product","link":"https:\/\/www.speedfun.bike\/fr\/produit\/speedfun-ribelle-pour-yamaha-booster-easy\/","title":{"rendered":"SpeedFun Ribelle pour Yamaha Booster Easy"},"content":{"rendered":"<div class=\"wpb-content-wrapper\"><p>[vc_row][vc_column width=&#8221;1\/1&#8243;][vc_column_text uncode_shortcode_id=&#8221;156086&#8243;]<\/p>\n<h2>Qu\u2019est-ce que le kit de d\u00e9bridage SpeedFun Ribelle pour Yamaha Booster Easy?<\/h2>\n<p>SpeedFun Ribelle est\u00a0un tuning pour v\u00e9los \u00e9lectriques Yamaha Booster Easy\u00a0qui permet d\u2019augmenter la vitesse du v\u00e9lo \u00e9lectrique en supprimant le bloc r\u00e9gl\u00e9 \u00e0 25 kmH. Avec SpeedFun Ribelle, l\u2019assistance active est augment\u00e9e jusqu\u2019\u00e0 des vitesses pouvant d\u00e9passer 60 kmH (<a href=\"https:\/\/speedfun.bike\/wp-content\/uploads\/2019\/06\/ebike-non-va-a-50-kmh.pdf\">info<\/a>), exploitant pleinement le potentiel du moteur.<\/p>\n<p>Ce dispositif de lib\u00e9ration de vitesse est compatible uniquement et exclusivement sur les v\u00e9los \u00e9lectriques Booster Easy de la marque Yamaha \u00e9quip\u00e9s d&#8217;un moteur PW-S2 et d&#8217;un affichage\/commande Yamaha A \u00ab sideswitch \u00bb.<\/p>\n<p>Le dispositif de r\u00e9glage Ribelle pour Yamaha Booster Easy affiche toutes les donn\u00e9es r\u00e9elles sur display\/l\u2019application.\u00a0Il peut \u00eatre activ\u00e9 ou d\u00e9sactiv\u00e9\u00a0en appuyant sur une simple s\u00e9quence de touches et l\u2019activation\/d\u00e9sactivation du dispositif est indiqu\u00e9e sur l\u2019\u00e9cran.\u00a0Ce tuning est \u00e9quip\u00e9 de connecteurs d\u2019origine\u00a0pour une installation simple et rapide.<\/p>\n<p>&nbsp;<\/p>\n<h2>Ebike sur lequel le dispositif Ribelle a \u00e9t\u00e9 install\u00e9 avec succ\u00e8s<\/h2>\n<p>(cette liste est illustrative et non exhaustive)[\/vc_column_text][vc_row_inner][vc_column_inner width=&#8221;1\/2&#8243;][vc_column_text uncode_shortcode_id=&#8221;162878&#8243;]- Yamaha Booster Easy[\/vc_column_text][\/vc_column_inner][vc_column_inner width=&#8221;1\/2&#8243;][\/vc_column_inner][\/vc_row_inner][\/vc_column][\/vc_row]<\/p>\n<\/div>","protected":false},"excerpt":{"rendered":"<div class=\"price-container\">\n<p>SpeedFun Ribelle est un kit r\u00e9glage de vitesse\u00a0qui permet de\u00a0supprimer le blocage de vitesse \u00e0 25 kmH\u00a0et d\u2019augmenter l\u2019assistance active jusqu\u2019\u00e0 des\u00a0vitesses pouvant d\u00e9passer 60 kmH, en exploitant pleinement le potentiel du moteur Yamaha.<\/p>\n<p>Ce dispositif de lib\u00e9ration de vitesse est compatible uniquement et exclusivement avec les v\u00e9los \u00e9lectriques Yamaha Booster Easy \u00e9quip\u00e9s du moteur Yamaha PW-S2 et de l&#8217;affichage\/commande Yamaha A &#8220;sideswitch&#8221;.<\/p>\n<p>Le dispositif de r\u00e9glage\u00a0Ribelle pour Yamaha Booster Easy affiche toutes les donn\u00e9es r\u00e9elles sur display.<\/p>\n<\/div>\n","protected":false},"featured_media":124651,"comment_status":"open","ping_status":"closed","template":"","meta":{"_acf_changed":false},"product_brand":[],"product_cat":[699,26,274],"product_tag":[],"class_list":{"0":"post-124646","1":"product","2":"type-product","3":"status-publish","4":"has-post-thumbnail","6":"product_cat-ebike-de-marque-yamaha","7":"product_cat-for-yamaha-fr","8":"product_cat-ribelle-fr","10":"first","11":"instock","12":"taxable","13":"shipping-taxable","14":"purchasable","15":"product-type-simple"},"acf":[],"yoast_head":"<!-- This site is optimized with the Yoast SEO plugin v27.3 - https:\/\/yoast.com\/product\/yoast-seo-wordpress\/ -->\n<title>SpeedFun Ribelle ebike Yamaha Booster Easy - SpeedFun ebike tuning<\/title>\n<meta name=\"description\" content=\"La puce de r\u00e9glage SpeedFun Ribelle augmente l&#039;assistance de votre v\u00e9lo \u00e9lectrique jusqu&#039;\u00e0 60 km\/h. Compatible exclusivement avec les v\u00e9los \u00e9lectriques Yamaha Booster Easy.\" \/>\n<meta name=\"robots\" content=\"index, follow, max-snippet:-1, max-image-preview:large, max-video-preview:-1\" \/>\n<link rel=\"canonical\" href=\"https:\/\/speedfun.bike\/fr\/produit\/speedfun-ribelle-pour-yamaha-booster-easy\/\" \/>\n<meta property=\"og:locale\" content=\"fr_FR\" \/>\n<meta property=\"og:type\" content=\"article\" \/>\n<meta property=\"og:title\" content=\"SpeedFun Ribelle ebike Yamaha Booster Easy - SpeedFun ebike tuning\" \/>\n<meta property=\"og:description\" content=\"La puce de r\u00e9glage SpeedFun Ribelle augmente l&#039;assistance de votre v\u00e9lo \u00e9lectrique jusqu&#039;\u00e0 60 km\/h. Compatible exclusivement avec les v\u00e9los \u00e9lectriques Yamaha Booster Easy.\" \/>\n<meta property=\"og:url\" content=\"https:\/\/speedfun.bike\/fr\/produit\/speedfun-ribelle-pour-yamaha-booster-easy\/\" \/>\n<meta property=\"og:site_name\" content=\"Speed Fun\" \/>\n<meta property=\"article:modified_time\" content=\"2024-07-19T12:49:26+00:00\" \/>\n<meta property=\"og:image\" content=\"https:\/\/speedfun.bike\/wp-content\/uploads\/2024\/06\/SpeedFun-ebike-tuning-kit-chip-Ribelle-Yamaha-Booster-Easy-sblocco-velocita-ebike_product_resized-scaled.jpg\" \/>\n\t<meta property=\"og:image:width\" content=\"2560\" \/>\n\t<meta property=\"og:image:height\" content=\"2049\" \/>\n\t<meta property=\"og:image:type\" content=\"image\/jpeg\" \/>\n<meta name=\"twitter:card\" content=\"summary_large_image\" \/>\n<meta name=\"twitter:label1\" content=\"Est. reading time\" \/>\n\t<meta name=\"twitter:data1\" content=\"2 minutes\" \/>\n<script type=\"application\/ld+json\" class=\"yoast-schema-graph\">{\"@context\":\"https:\\\/\\\/schema.org\",\"@graph\":[{\"@type\":\"WebPage\",\"@id\":\"https:\\\/\\\/speedfun.bike\\\/fr\\\/produit\\\/speedfun-ribelle-pour-yamaha-booster-easy\\\/\",\"url\":\"https:\\\/\\\/speedfun.bike\\\/fr\\\/produit\\\/speedfun-ribelle-pour-yamaha-booster-easy\\\/\",\"name\":\"SpeedFun Ribelle ebike Yamaha Booster Easy - SpeedFun ebike tuning\",\"isPartOf\":{\"@id\":\"https:\\\/\\\/speedfun.bike\\\/#website\"},\"primaryImageOfPage\":{\"@id\":\"https:\\\/\\\/speedfun.bike\\\/fr\\\/produit\\\/speedfun-ribelle-pour-yamaha-booster-easy\\\/#primaryimage\"},\"image\":{\"@id\":\"https:\\\/\\\/speedfun.bike\\\/fr\\\/produit\\\/speedfun-ribelle-pour-yamaha-booster-easy\\\/#primaryimage\"},\"thumbnailUrl\":\"https:\\\/\\\/www.speedfun.bike\\\/wp-content\\\/uploads\\\/2024\\\/06\\\/SpeedFun-ebike-tuning-kit-chip-Ribelle-Yamaha-Booster-Easy-sblocco-velocita-ebike_product_resized-scaled.jpg\",\"datePublished\":\"2024-06-14T12:57:44+00:00\",\"dateModified\":\"2024-07-19T12:49:26+00:00\",\"description\":\"La puce de r\u00e9glage SpeedFun Ribelle augmente l'assistance de votre v\u00e9lo \u00e9lectrique jusqu'\u00e0 60 km\\\/h. Compatible exclusivement avec les v\u00e9los \u00e9lectriques Yamaha Booster Easy.\",\"breadcrumb\":{\"@id\":\"https:\\\/\\\/speedfun.bike\\\/fr\\\/produit\\\/speedfun-ribelle-pour-yamaha-booster-easy\\\/#breadcrumb\"},\"inLanguage\":\"fr-FR\",\"potentialAction\":[{\"@type\":\"ReadAction\",\"target\":[\"https:\\\/\\\/speedfun.bike\\\/fr\\\/produit\\\/speedfun-ribelle-pour-yamaha-booster-easy\\\/\"]}]},{\"@type\":\"ImageObject\",\"inLanguage\":\"fr-FR\",\"@id\":\"https:\\\/\\\/speedfun.bike\\\/fr\\\/produit\\\/speedfun-ribelle-pour-yamaha-booster-easy\\\/#primaryimage\",\"url\":\"https:\\\/\\\/www.speedfun.bike\\\/wp-content\\\/uploads\\\/2024\\\/06\\\/SpeedFun-ebike-tuning-kit-chip-Ribelle-Yamaha-Booster-Easy-sblocco-velocita-ebike_product_resized-scaled.jpg\",\"contentUrl\":\"https:\\\/\\\/www.speedfun.bike\\\/wp-content\\\/uploads\\\/2024\\\/06\\\/SpeedFun-ebike-tuning-kit-chip-Ribelle-Yamaha-Booster-Easy-sblocco-velocita-ebike_product_resized-scaled.jpg\",\"width\":2560,\"height\":2049,\"caption\":\"SpeedFun Ribelle pour Yamaha Booster Easy est un r\u00e9glage pour v\u00e9los \u00e9lectriques Yamaha qui permet d'\u00e9liminer le blocage \u00e0 25 km\\\/h en augmentant l'assistance moteur au-dessus de 60 km\\\/h. Appareil compatible uniquement et exclusivement avec les v\u00e9los \u00e9lectriques Yamaha Booster Easy. Afficher les donn\u00e9es r\u00e9elles \u00e0 l'\u00e9cran.\"},{\"@type\":\"BreadcrumbList\",\"@id\":\"https:\\\/\\\/speedfun.bike\\\/fr\\\/produit\\\/speedfun-ribelle-pour-yamaha-booster-easy\\\/#breadcrumb\",\"itemListElement\":[{\"@type\":\"ListItem\",\"position\":1,\"name\":\"Home\",\"item\":\"https:\\\/\\\/speedfun.bike\\\/fr\\\/\"},{\"@type\":\"ListItem\",\"position\":2,\"name\":\"Boutique\",\"item\":\"https:\\\/\\\/speedfun.bike\\\/fr\\\/boutique\\\/\"},{\"@type\":\"ListItem\",\"position\":3,\"name\":\"SpeedFun Ribelle pour Yamaha Booster Easy\"}]},{\"@type\":\"WebSite\",\"@id\":\"https:\\\/\\\/speedfun.bike\\\/#website\",\"url\":\"https:\\\/\\\/speedfun.bike\\\/\",\"name\":\"Speed Fun\",\"description\":\"Sblocco velocit\u00e0 bici elettriche\",\"potentialAction\":[{\"@type\":\"SearchAction\",\"target\":{\"@type\":\"EntryPoint\",\"urlTemplate\":\"https:\\\/\\\/speedfun.bike\\\/?s={search_term_string}\"},\"query-input\":{\"@type\":\"PropertyValueSpecification\",\"valueRequired\":true,\"valueName\":\"search_term_string\"}}],\"inLanguage\":\"fr-FR\"}]}<\/script>\n<!-- \/ Yoast SEO plugin. -->","yoast_head_json":{"title":"SpeedFun Ribelle ebike Yamaha Booster Easy - SpeedFun ebike tuning","description":"La puce de r\u00e9glage SpeedFun Ribelle augmente l'assistance de votre v\u00e9lo \u00e9lectrique jusqu'\u00e0 60 km\/h. Compatible exclusivement avec les v\u00e9los \u00e9lectriques Yamaha Booster Easy.","robots":{"index":"index","follow":"follow","max-snippet":"max-snippet:-1","max-image-preview":"max-image-preview:large","max-video-preview":"max-video-preview:-1"},"canonical":"https:\/\/speedfun.bike\/fr\/produit\/speedfun-ribelle-pour-yamaha-booster-easy\/","og_locale":"fr_FR","og_type":"article","og_title":"SpeedFun Ribelle ebike Yamaha Booster Easy - SpeedFun ebike tuning","og_description":"La puce de r\u00e9glage SpeedFun Ribelle augmente l'assistance de votre v\u00e9lo \u00e9lectrique jusqu'\u00e0 60 km\/h. Compatible exclusivement avec les v\u00e9los \u00e9lectriques Yamaha Booster Easy.","og_url":"https:\/\/speedfun.bike\/fr\/produit\/speedfun-ribelle-pour-yamaha-booster-easy\/","og_site_name":"Speed Fun","article_modified_time":"2024-07-19T12:49:26+00:00","og_image":[{"width":2560,"height":2049,"url":"https:\/\/speedfun.bike\/wp-content\/uploads\/2024\/06\/SpeedFun-ebike-tuning-kit-chip-Ribelle-Yamaha-Booster-Easy-sblocco-velocita-ebike_product_resized-scaled.jpg","type":"image\/jpeg"}],"twitter_card":"summary_large_image","twitter_misc":{"Est. reading time":"2 minutes"},"schema":{"@context":"https:\/\/schema.org","@graph":[{"@type":"WebPage","@id":"https:\/\/speedfun.bike\/fr\/produit\/speedfun-ribelle-pour-yamaha-booster-easy\/","url":"https:\/\/speedfun.bike\/fr\/produit\/speedfun-ribelle-pour-yamaha-booster-easy\/","name":"SpeedFun Ribelle ebike Yamaha Booster Easy - SpeedFun ebike tuning","isPartOf":{"@id":"https:\/\/speedfun.bike\/#website"},"primaryImageOfPage":{"@id":"https:\/\/speedfun.bike\/fr\/produit\/speedfun-ribelle-pour-yamaha-booster-easy\/#primaryimage"},"image":{"@id":"https:\/\/speedfun.bike\/fr\/produit\/speedfun-ribelle-pour-yamaha-booster-easy\/#primaryimage"},"thumbnailUrl":"https:\/\/www.speedfun.bike\/wp-content\/uploads\/2024\/06\/SpeedFun-ebike-tuning-kit-chip-Ribelle-Yamaha-Booster-Easy-sblocco-velocita-ebike_product_resized-scaled.jpg","datePublished":"2024-06-14T12:57:44+00:00","dateModified":"2024-07-19T12:49:26+00:00","description":"La puce de r\u00e9glage SpeedFun Ribelle augmente l'assistance de votre v\u00e9lo \u00e9lectrique jusqu'\u00e0 60 km\/h. Compatible exclusivement avec les v\u00e9los \u00e9lectriques Yamaha Booster Easy.","breadcrumb":{"@id":"https:\/\/speedfun.bike\/fr\/produit\/speedfun-ribelle-pour-yamaha-booster-easy\/#breadcrumb"},"inLanguage":"fr-FR","potentialAction":[{"@type":"ReadAction","target":["https:\/\/speedfun.bike\/fr\/produit\/speedfun-ribelle-pour-yamaha-booster-easy\/"]}]},{"@type":"ImageObject","inLanguage":"fr-FR","@id":"https:\/\/speedfun.bike\/fr\/produit\/speedfun-ribelle-pour-yamaha-booster-easy\/#primaryimage","url":"https:\/\/www.speedfun.bike\/wp-content\/uploads\/2024\/06\/SpeedFun-ebike-tuning-kit-chip-Ribelle-Yamaha-Booster-Easy-sblocco-velocita-ebike_product_resized-scaled.jpg","contentUrl":"https:\/\/www.speedfun.bike\/wp-content\/uploads\/2024\/06\/SpeedFun-ebike-tuning-kit-chip-Ribelle-Yamaha-Booster-Easy-sblocco-velocita-ebike_product_resized-scaled.jpg","width":2560,"height":2049,"caption":"SpeedFun Ribelle pour Yamaha Booster Easy est un r\u00e9glage pour v\u00e9los \u00e9lectriques Yamaha qui permet d'\u00e9liminer le blocage \u00e0 25 km\/h en augmentant l'assistance moteur au-dessus de 60 km\/h. Appareil compatible uniquement et exclusivement avec les v\u00e9los \u00e9lectriques Yamaha Booster Easy. Afficher les donn\u00e9es r\u00e9elles \u00e0 l'\u00e9cran."},{"@type":"BreadcrumbList","@id":"https:\/\/speedfun.bike\/fr\/produit\/speedfun-ribelle-pour-yamaha-booster-easy\/#breadcrumb","itemListElement":[{"@type":"ListItem","position":1,"name":"Home","item":"https:\/\/speedfun.bike\/fr\/"},{"@type":"ListItem","position":2,"name":"Boutique","item":"https:\/\/speedfun.bike\/fr\/boutique\/"},{"@type":"ListItem","position":3,"name":"SpeedFun Ribelle pour Yamaha Booster Easy"}]},{"@type":"WebSite","@id":"https:\/\/speedfun.bike\/#website","url":"https:\/\/speedfun.bike\/","name":"Speed Fun","description":"Sblocco velocit\u00e0 bici elettriche","potentialAction":[{"@type":"SearchAction","target":{"@type":"EntryPoint","urlTemplate":"https:\/\/speedfun.bike\/?s={search_term_string}"},"query-input":{"@type":"PropertyValueSpecification","valueRequired":true,"valueName":"search_term_string"}}],"inLanguage":"fr-FR"}]}},"_links":{"self":[{"href":"https:\/\/www.speedfun.bike\/fr\/wp-json\/wp\/v2\/product\/124646","targetHints":{"allow":["GET"]}}],"collection":[{"href":"https:\/\/www.speedfun.bike\/fr\/wp-json\/wp\/v2\/product"}],"about":[{"href":"https:\/\/www.speedfun.bike\/fr\/wp-json\/wp\/v2\/types\/product"}],"replies":[{"embeddable":true,"href":"https:\/\/www.speedfun.bike\/fr\/wp-json\/wp\/v2\/comments?post=124646"}],"wp:featuredmedia":[{"embeddable":true,"href":"https:\/\/www.speedfun.bike\/fr\/wp-json\/wp\/v2\/media\/124651"}],"wp:attachment":[{"href":"https:\/\/www.speedfun.bike\/fr\/wp-json\/wp\/v2\/media?parent=124646"}],"wp:term":[{"taxonomy":"product_brand","embeddable":true,"href":"https:\/\/www.speedfun.bike\/fr\/wp-json\/wp\/v2\/product_brand?post=124646"},{"taxonomy":"product_cat","embeddable":true,"href":"https:\/\/www.speedfun.bike\/fr\/wp-json\/wp\/v2\/product_cat?post=124646"},{"taxonomy":"product_tag","embeddable":true,"href":"https:\/\/www.speedfun.bike\/fr\/wp-json\/wp\/v2\/product_tag?post=124646"}],"curies":[{"name":"wp","href":"https:\/\/api.w.org\/{rel}","templated":true}]}}